{"id":265,"date":"2015-01-18T20:23:52","date_gmt":"2015-01-18T19:23:52","guid":{"rendered":"http:\/\/www.annewieben.com\/wordpress\/?page_id=265"},"modified":"2025-04-28T16:42:10","modified_gmt":"2025-04-28T15:42:10","slug":"press-2","status":"publish","type":"page","link":"http:\/\/www.annewieben.com\/?page_id=265","title":{"rendered":"Press"},"content":{"rendered":"\n<h3 class=\"wp-block-heading\">Die Cs\u00e1rd\u00e1sf\u00fcrstin with <a href=\"https:\/\/classionata.ch\/\" data-type=\"link\" data-id=\"https:\/\/classionata.ch\/\" target=\"_blank\" rel=\"noreferrer noopener\">Classionata Solothurn and the Vienna Volksopernorchester<\/a><\/h3>\n\n\n\n<p><a href=\"https:\/\/www.solothurnerzeitung.ch\/solothurn\/stadt-solothurn\/classionata-diese-operette-zielt-mitten-ins-herz-die-csardasfuerstin-begeistert-das-solothurner-publikum-ld.2756524\" target=\"_blank\" rel=\"noreferrer noopener\">Solothurner Zeitung<\/a> |11.04.2025 |Gundi Klemm<\/p>\n\n\n\n<blockquote class=\"wp-block-quote is-layout-flow wp-block-quote-is-layout-flow\">\n<p>Anne Wieben, zuhause auf den B\u00fchnen internationaler Opernh\u00e4user, verstr\u00f6mte als Sylva Varescu ihren strahlend-schillernden Sopran und ein gewisses Sex-Appeal als Cs\u00e1rd\u00e1sf\u00fcrstin.<\/p>\n<\/blockquote>\n\n\n\n<blockquote class=\"wp-block-quote is-layout-flow wp-block-quote-is-layout-flow\">\n<p>Anne Wieben, at home on the stages of international opera houses, exuded her radiant, dazzling soprano as Sylva Varescu and a certain sex appeal as the Cs\u00e1rd\u00e1sf\u00fcrstin.<\/p>\n<\/blockquote>\n\n\n\n<h3 class=\"wp-block-heading\">Die Cs\u00e1rd\u00e1sf\u00fcrstin with <a href=\"http:\/\/www.operaonthelake.com\">Opera on the Lake<\/a><\/h3>\n\n\n\n<p><a aria-label=\" (opens in a new tab)\" href=\"https:\/\/www.twincities.com\/2023\/07\/27\/opera-on-the-lakes-die-csardasfurstin-is-breezy-summertime-fare\/\" target=\"_blank\" rel=\"noreferrer noopener\">Pioneer Press<\/a> |27.07.2023 |Sheila Regan<\/p>\n\n\n\n<blockquote class=\"wp-block-quote is-layout-flow wp-block-quote-is-layout-flow\">\n<p>Wieben performs the lead role of Sylva Varescu&#8230;a successful cabaret singer who dazzles her fans with her silky voice and her sultry performance. Wieben nails her character\u2019s showmanship onstage, as well as her vulnerability in the scenes with Edwin. She also exhibits Sylva\u2019s impulsiveness in love quite well. <br><\/p>\n<\/blockquote>\n\n\n\n<p><a href=\"https:\/\/www.broadwayworld.com\/minneapolis\/article\/Review-DIE-CSRDSFRSTIN-THE-CSARDAS-PRINCESS-at-Opera-On-The-Lake-20230729\" target=\"_blank\" rel=\"noreferrer noopener\" aria-label=\" (opens in a new tab)\">Braodway World<\/a>| 29.07.2023 | Jared Fessler<\/p>\n\n\n\n<blockquote class=\"wp-block-quote is-layout-flow wp-block-quote-is-layout-flow\">\n<p>Anne Wieben, a Minnesota native who now resides in Vienna and is the founder of Opera on the Lake, made her trip back to the land of 10,000 lakes to put on this production. Anne also played Sylva Varescu with her soaring soprano voice and her captivating performance on stage. Anne is a versatile singer and performer <\/p>\n\n\n\n<p><\/p>\n<\/blockquote>\n\n\n\n<p><a rel=\"noreferrer noopener\" aria-label=\"Twin Cities Arts Reader (opens in a new tab)\" href=\"https:\/\/twincitiesarts.com\/2023\/07\/20\/opera-on-the-lake-redesigning-scandalous-stage-marriages\/\" target=\"_blank\">Twin Cities Arts Reader<\/a>| 20.07.2023 |John Anderson<br>INTERVIEW: Opera On The Lake\u2019s Anne Wieben And Redesigning Scandalous Stage Marriages<br><br><\/p>\n\n\n<h3>Die Lustige Witwe with <a href=\"http:\/\/www.operaonthelake.com\">Opera on the Lake<\/a><\/h3>\n<p><a href=\"https:\/\/www.twincities.com\/2022\/07\/27\/opera-on-the-lake-gives-the-merry-widow-the-minnesota-treatment-dontcha-know\/\" target=\"_blank\" rel=\"noopener noreferrer\">Pioneer Press<\/a> |27.07.2022 |Sheila Regan<\/p>\n<blockquote>\n<p>Creative Director Anne Wieben performs internationally, and it&#8217;s clear how she got to that level. When her character, the rich widow Hanna Glawari, performs a song for her party guests, Wieben sparkles, landing the high notes with pillow-like buoyancy<\/p>\n<\/blockquote>\n<p><a href=\"https:\/\/twincitiesarts.com\/2022\/07\/24\/preview-opera-on-the-lake-returns-with-the-merry-widow\/\" target=\"_blank\" rel=\"noopener noreferrer\">Twin Cities Arts Reader<\/a>| 24.07.2022 | <a class=\"url fn n\" href=\"https:\/\/twincitiesarts.com\/author\/amydonahue\/\">Amy Donahue<\/a><\/p>\n<blockquote>\n<p>As Minnesota\u2019s foremost authority in performing Viennese operetta \u2013 and more than a decade of experience performing this repertoire in Vienna \u2013 Anne Wieben brings a wealth of insight into&nbsp;<em>The Merry Widow<\/em>\u2018s&nbsp;moods, rhythms, and humor, suffusing the production with a tug that pulls you in. Throw in the gorgeous score and catchy songs, and it\u2019s&nbsp;<em>The Merry Widow<\/em> better than you\u2019ve ever imagined it before.<\/p>\n<\/blockquote>\n<p>Read the entire article <a href=\"https:\/\/twincitiesarts.com\/2022\/07\/24\/preview-opera-on-the-lake-returns-with-the-merry-widow\/\" target=\"_blank\" rel=\"noopener noreferrer\">HERE<\/a><\/p>\n<h3>Die Fledermaus with <a href=\"http:\/\/mtvo.at\/\" target=\"_blank\" rel=\"noopener noreferrer\">Musiktheater Voralberg<\/a><\/h3>\n<p><a href=\"https:\/\/www.kulturzeitschrift.at\/kritiken\/musik-konzert\/ibiza-gruesst-die-fledermaus-musiktheater-vorarlberg-spart-nicht-mit-seitenhieben-auf-aktuelle-politaffaere?fbclid=IwAR32r-y6o3DWMviTOGOruakF9h8H_uRzYwAMPEbB1nr69dTwkJGK1TA6y_g#.XaIPFtFqJvg.facebook\" target=\"_blank\" rel=\"noopener noreferrer\">Kulturzeitschrift<\/a>| 12.10.2019 |&nbsp;&nbsp;<a class=\"author\" title=\"Klicken Sie hier um Fritz Jurmann ein Feedback zu senden.\" href=\"mailto:fritz.jurmann@vol.at\">Fritz Jurmann<\/a><\/p>\n<blockquote>\n<p>\u201e Eine Woche vor der Premiere ist die gefragte amerikanische Sopranistin Anne Wieben als Rosalinde eingesprungen, hat sich unglaublich rasch ins Ensemble integriert und dominiert nun als strahlende Diva und Zentralfigur mit schauspielerischer Wandlungsf\u00e4higkeit und tollen Koloraturen die ersten beiden Akte.\u201c<\/p>\n<p>&nbsp;<\/p>\n<p>A week before the premiere, the sought-after American soprano Anne Wieben stepped in as Rosalinde. She integrated herself incredibly quickly into the ensemble and now dominates the first two acts as a radiant diva and central figure with dramatic versatility and great coloratura\u201c<\/p>\n<\/blockquote>\n<p><a href=\"http:\/\/musikundmehr.mika.at\/998-2\/?fbclid=IwAR1GEY4k3KN1O7Bg8Ndez0juyu3IVxQ3N3_QLiobV06e60jhvbWuw2wrsys\" target=\"_blank\" rel=\"noopener noreferrer\">Musik und Mehr<\/a>&nbsp;&#8211; Kronezeitung Voralberg&nbsp;|&nbsp; 13.10.2019 | Anna Mika<\/p>\n<blockquote>\n<p>Gro\u00dfes Lob geb\u00fchrt Anne Wieben, die als Rosalinde kurzfristig einsprang und brillierte \u2013 eine echte Diva, gut aussehend und tadellos singend.<\/p>\n<p>Great praise goes to Anne Wieben, who jumped in as Rosalinde and excelled at short notice &#8211; a real diva, good-looking and impeccable singing.<\/p>\n<\/blockquote>\n<h3>Die Fledermaus with <a href=\"http:\/\/www.operaonthelake.com\" target=\"_blank\" rel=\"noopener noreferrer\">Opera on the Lake<\/a>&nbsp;July 2019<\/h3>\n<p><a href=\"https:\/\/www.twincities.com\/2019\/07\/25\/review-opera-on-the-lake-debuts-with-bubbly-buoyant-die-fledermaus\/\" target=\"_blank\" rel=\"noopener noreferrer\">Pioneer Press<\/a>&nbsp;| July 25th, 2019&nbsp;| Rob Hubbard<\/p>\n<blockquote>\n<p>Wieben cast brilliantly, bringing a blend of devil-may-care playfulness and supple vocal power to the heroine Rosalinde&#8230;..the music is all Strauss, and it\u2019s exceptionally well executed, particularly Wieben\u2019s \u201cCzardas\u201d.&nbsp;<\/p>\n<\/blockquote>\n<h3>Viva Oper Concert with Theater in Pfarrirchen, 2018<\/h3>\n<p><a href=\"https:\/\/www.facebook.com\/annewieben\/photos\/p.2352940974733506\/2352940974733506\/?type=3&amp;theater\" target=\"_blank\" rel=\"noopener noreferrer\">Passauer Neue Presse<\/a>&nbsp;| 14.10.2018&nbsp;|&nbsp;Gerd Kreibich<\/p>\n<blockquote>\n<p>Die vielseitige K\u00fcnstlerin stellte unter Beweis, dass sie nicht ohne Grund an bekannten Opernh\u00e4usern gefragt ist. Ihre B\u00fchnenpr\u00e4senz ist ebenson au\u00dfergew\u00f6hnlich wie ihre Stimme. Die grosse Klasse wurde im Laufe des Konzerts noch mehrfach deutlich, beispielsweise bei der Arie der Gr\u00e4fin aus Mozarts \u201cFigaro\u201d oder als \u201cMimi\u2019 in Ausz\u00fcgen von Puccinis \u201cLa Boheme\u201d. <strong>Wieben<\/strong> zu h\u00f6ren war alleine schon den Konzertbesuch wert.<\/p>\n<p>&nbsp;<\/p>\n<p>The versatile artist proved why she is in demand at reknown opera houses. Her stage presence is just as extraordinary as her voice. This first class level was made clear several times during the concert, for example in the aria of the Countess from Mozart&#8217;s &#8220;Figaro&#8221; or as &#8220;Mimi&#8221; in excerpts from Puccini&#8217;s &#8220;La Boheme&#8221;. Just to hear <strong>Wieben <\/strong>sing was worth the concert visit.<\/p>\n<\/blockquote>\n<h3>Don Giovanni, Schloss Rothschild, Waidhofen an der Ybbs 2017<\/h3>\n<p>Der Ybbstaler&nbsp;|25.08.2017&nbsp;|http:\/\/www.derybbstaler.at\/giovanni-wir-kriegen-dich\/<\/p>\n<blockquote>\n<p><strong>Anne Wieben als Donna Anna<\/strong> und Juraj Kuchar als Don Ottavio \u00fcberzeugen gesanglich, aber auch als sinnliches Duo<\/p>\n<p><strong>(Anne Wieben as Donna Anna<\/strong> and Juraj Kuchar are not only strong vocally but also as a sensual duo)<\/p>\n<\/blockquote>\n<p>Der Ybbstaler&nbsp;|25.08.2017&nbsp;|http:\/\/www.derybbstaler.at\/giovanni-wir-kriegen-dich\/<\/p>\n<blockquote>\n<p>Das Damentrio Donna Anna, Donna Elvira und Zerlina ist mit<strong> Anne Wieben<\/strong>, Barbara Angemaier und Lea Quortrup ideal besetzt und ihr gesanglicher Wettstreit um den Herrn ihrer Begierde wird zum musikalischen Hochgenuss.<\/p>\n<p>&nbsp;<\/p>\n<p>The trio of ladies Donna Anna, Donna Elvira and Zerlina is perfectly cast with <strong>Anne Wieben<\/strong>,&nbsp;Barbara Angemaier and Lea Quortrup and their vocal competition for the man they desire is a musical highlight.&nbsp;&nbsp;<\/p>\n<\/blockquote>\n<h3>Cosi fan tutte, Schlosstheater Laxenburg, 2017<\/h3>\n<p>Kronen Zeitung | 11.\u200903.\u20092017 | Karlheinz Roschitz<\/p>\n<blockquote>\n<p><strong>Anne Wieben<\/strong> als strahlende Fiordiligi&nbsp;<\/p>\n<p><strong>Anne Wieben<\/strong> as a radiant Fiordiligi<\/p>\n<\/blockquote>\n<p class=\"gmail_default\"><span style=\"color: #000000; font-family: georgia, serif;\">Kurier<\/span>&nbsp;| 10.\u200903.\u20092017 |&nbsp;<span style=\"color: #000000; font-family: georgia, serif;\">&nbsp;Barbara Palffy<\/span><\/p>\n<blockquote>\n<p>&nbsp;<\/p>\n<p class=\"gmail_default\"><span style=\"color: #000000; font-family: georgia, serif;\"><strong>Anne Wieben<\/strong> (Fiordiligi) gibt mit gro<\/span>\u00df<span style=\"color: #000000; font-family: georgia, serif;\">er Stimme und gro\u00dfen&nbsp;Gesten die Heroine<\/span><\/p>\n<p class=\"gmail_default\"><span style=\"color: #000000; font-family: georgia, serif;\"><strong>Anne Wieben<\/strong> (Fiordiligi) portrayed the heroine with a big voice and big gestures<\/span><\/p>\n<\/blockquote>\n<p class=\"gmail_default\"><span style=\"color: #000000; font-family: georgia, serif;\">Der Neue Merker<\/span>&nbsp;| 12.\u200903.\u20092017 |&nbsp;<span style=\"color: #000000; font-family: georgia, serif;\">&nbsp;Peter Dusek<\/span><\/p>\n<blockquote>\n<p>&nbsp;<\/p>\n<p class=\"gmail_default\"><strong>Anne Wieben<\/strong> (Fiordiligi)&nbsp;meistert insgesamt die extremen Lagen ihrer Rolle souver\u00e4n und kommt vor allem mit den Alt-Koloraturen gut zurecht.<\/p>\n<p class=\"gmail_default\"><strong>Anne Wieben<\/strong>&nbsp;(Fiordiligi) confidently mastered the extreme range of her role, especially the low coloratura passages<\/p>\n<\/blockquote>\n<p class=\"gmail_default\">&nbsp;Kultur und Wein Magazin| 18.\u200903.\u20092017 |&nbsp;<span style=\"color: #000000; font-family: georgia, serif;\">&nbsp;<\/span><\/p>\n<blockquote>\n<p>&nbsp;<\/p>\n<p class=\"gmail_default\">Fiordiligi (<strong>Anne Wieben<\/strong>) und Dorabella (Juliette Mars) und haben einfach gro\u00dfe Stimmen, denen man mit Wonne beim Leiden um den Erhalt ihrer Treue zuh\u00f6rt.<\/p>\n<p class=\"gmail_default\">Fiordiligi (<strong>Anne Wieben<\/strong>) and&nbsp;Dorabella (Juliette Mars) have simply great voices, which are listened to with delight as they sing of their suffering and loyalty<\/p>\n<\/blockquote>\n<h3>Die Fledermaus, Aschbach Nieder\u00f6sterreich, 2015<\/h3>\n<blockquote>\n<p><em>Nieder\u00f6sterrich Nachrichten| &nbsp;07.08.2015 |Heribert Hudler,&nbsp;<\/em><\/p>\n<p>&#8230;Rosalinde gespielt von <strong>Anne Wieben<\/strong> gl\u00e4nzt in ihre Rolle&#8230; Ein junges dynamisches Ensemble, dass es versteht das Publikum in Banne zu ziehen. Spielerisch erstklassig.<\/p>\n<p>&#8230;.Rosalinde, played by <strong>Anne Wieben<\/strong>, shone in her role&#8230;. A young, dynamic ensemble that knows how keep an audience spell-bound. First-rate.<\/p>\n<\/blockquote>\n<h3>Cosi fan tutte, Radialsystem Berlin, 2015<\/h3>\n<blockquote>\n<p><em>Neue Musik Zeitung| 22.02.2015<\/em><\/p>\n<p>&#8230;.Anne Wieben als Fiordiligi wartet mit lupenreinem Gesang und sch\u00f6nen Decrescendi auf&#8230;.<\/p>\n<p>&#8230;.Anne Wieben as Fiordiligi delivered flawless vocals and beautiful decrescendos<\/p>\n<\/blockquote>\n<h3>Cosi fan tutte, Theaterhaus Stuttgart, 2014<\/h3>\n<p>&nbsp;<\/p>\n<p style=\"padding-left: 90px;\">Rainer Zerbst | 6.10.2014 | DeutschlandRadio Kultur Fr\u00fchkritik,&nbsp;<\/p>\n<blockquote>\n<p>&nbsp;<\/p>\n<p class=\"aRed\" align=\"left\"><strong>Anne Wieben<\/strong> singt die Koloratur der Fiordiligi, die wirklich atemberaubend von Mozart komponiert und man kann auch sagen eine Art Unversch\u00e4mtheit f\u00fcr die Sopranistin komponiert, ganz grandios.<\/p>\n<p class=\"aRed\" align=\"left\"><strong>Anne Wieben<\/strong> marvelously sang Fiordiligi&#8217;s breathtakingly yet brazenly composed coloratura.<\/p>\n<p align=\"left\">&nbsp;<\/p>\n<\/blockquote>\n<p style=\"padding-left: 90px;\">Fabian Stallknecht |8.10.2014|&nbsp;<a title=\"https:\/\/fabiuskulturschockblog.wordpress.com\" href=\"https:\/\/fabiuskulturschockblog.wordpress.com\" target=\"_blank\" rel=\"noopener noreferrer\">https:\/\/fabiuskulturschockblog.wordpress.com<\/a>,&nbsp;<\/p>\n<p style=\"padding-left: 90px;\">Daneben l\u00e4uft die ernsthaftere und standfestere Schwester Fiordiligi nicht selten Gefahr, etwas blass und arg seri\u00f6s r\u00fcberzukommen, obwohl sie eigentlich eine durchaus vergleichbare Entwicklung durchmacht. Diese gestaltet&nbsp;<strong><em>Anne Wieben<\/em><\/strong>&nbsp;sehr differenziert, ganz famos gelingt ihr das latent komische Pathos ihrer beiden gro\u00dfen Solonummern, mit ihrem metallisch grundierten Sopran meistert sie die gef\u00fcrchteten H\u00f6hen der \u201eCome scoglio\u201c-Arie problemlos, ihr stehen aber auch die ged\u00e4mpfteren Farben zu Gebote.<\/p>\n<p>&nbsp;<\/p>\n<p style=\"padding-left: 90px;\">\u2026 The more serious and more durable sister, Fiordiligi, is often in danger of coming across somewhat pale and overly serious, although they (the sisters) are actually going through a quite similar development.<br \/><strong>Anne Wieben<\/strong> did it quite differently, and absolutely splendidly succeeded in bringing out the latent comic pathos of her two great solo numbers. With her metallic soprano she mastered the heights of the dreaded &#8220;Come scoglio&#8221; aria easily, but she also offered up warm colours.<\/p>\n<h3>Die Hochzeit auf der Alm, Teatro Barocco in Stift Altenburg, 2013<\/h3>\n<p>&nbsp;<\/p>\n<p style=\"padding-left: 90px;\"><a title=\"http:\/\/www.kleinezeitung.at\/s\/kultur\/4067680\/Teatro-Barocco-im-Stift-Altenburg\" href=\"http:\/\/www.kleinezeitung.at\/s\/kultur\/4067680\/Teatro-Barocco-im-Stift-Altenburg\" target=\"_blank\" rel=\"noopener noreferrer\">http:\/\/www.kleinezeitung.at\/s\/kultur\/4067680\/Teatro-Barocco-im-Stift-Altenburg<\/a><\/p>\n<blockquote>\n<p>\u2026 Above all others, <strong>Anne Wieben<\/strong>, with her beautiful, well guided voice, was a pleasure- .<\/p>\n<\/blockquote>\n<h3>Viva Verdi! Gala, Bad F\u00fcssing, 2013<\/h3>\n<p>&nbsp;<\/p>\n<p style=\"padding-left: 90px;\">Marita Pletter| &nbsp;26.8.2013 | Passauer Neue Presse,<\/p>\n<blockquote>\n<p>\u2026<strong>Anne Wieben<\/strong>-an american Viennese with a bundle of charm under her red-blond hair- enchanted the audience with her genuine interpretation of the aria &#8216;Welche Wonne, Welche Lust&#8217;. With (Verdi&#8217;s song) &#8216;La Zingara&#8217; <strong>Anne Wieben<\/strong> shone anew with her large voice, Secure in all heights of the voice, velvety and sensual .<\/p>\n<\/blockquote>\n<h3>The Original Chinese Conjuror, Musikverein, Vienna, 2013<\/h3>\n<p>&nbsp;<\/p>\n<p style=\"padding-left: 90px;\">Edith Wolf Perez | 23.4. 2013 |&nbsp;<a title=\"http:\/\/www.tanz.at\/\" href=\"http:\/\/www.tanz.at\/\" target=\"_blank\" rel=\"noopener noreferrer\">http:\/\/www.tanz.at\/<\/a>,&nbsp;<\/p>\n<blockquote>\n<p>\u2026 All of the singers presented their roles just as lively as in a fully-staged production, especially Bryan Benner (Bass) as Robinson, and the soprano <strong>Anne Wieben<\/strong> as his wife Dot. The fantastic voices made this entertaining opera a complete success.<\/p>\n<\/blockquote>\n<h3>Das Unm\u00f6glichsten von Allem, Capital Theater, Offenbach, 2013<\/h3>\n<p>&nbsp;<\/p>\n<p style=\"padding-left: 90px;\">Gabriele Schoenemann| &nbsp;22.3.2013 |Offenbach Post<\/p>\n<blockquote>\n<p>\u2026 As the lady of the house (Diana), <strong>Anne Wieben<\/strong> mastered the most beautiful arias.<\/p>\n<\/blockquote>\n<h3>Don Giovanni, Kammeroper Wei\u00dfsenhorn, 2012<\/h3>\n<p>&nbsp;<\/p>\n<p style=\"padding-left: 90px;\">Verene Westphal| 9.10.2012 | S\u00fcdwest Presse,&nbsp;<\/p>\n<blockquote>\n<p>\u2026 <strong>Anne Wieben<\/strong> delighted as a spirited, revenge-seeking Donna Anna<\/p>\n<\/blockquote>\n<h3>Das Unm\u00f6glichste von Allem, Theater Dolce, Bad Nauheim, 2011<\/h3>\n<p>&nbsp;<\/p>\n<p style=\"padding-left: 90px;\">Opernwelt | November 2011<\/p>\n<blockquote>\n<p>\u2026 in the rich lead role of Diana, <strong>Anne Wieben<\/strong> radiated lyric charm.<\/p>\n<\/blockquote>\n<h3>Das Unm\u00f6glichste von Allem, Forum Leverkusen, 2011<\/h3>\n<p>&nbsp;<\/p>\n<p style=\"padding-left: 90px;\"><a title=\"http:\/\/www.der-neue-merker.eu\/\" href=\"http:\/\/www.der-neue-merker.eu\/\" target=\"_blank\" rel=\"noopener noreferrer\">http:\/\/www.der-neue-merker.eu\/<\/a><\/p>\n<blockquote>\n<p>\u2026 The lead character Diana is played by the captivating <strong>Anne Wieben<\/strong>. It is not surprising that she not only has sung the [mezzo] roles of Nicklausse and the Composer but also the soprano roles of Fiordiligi, Contessa and Rosalinde. Her warm-sounding yet clear voice flourishes and leads the cast convincingly and with great impetus.<\/p>\n<\/blockquote>\n<h3>Don Giovanni, Pasinger Fabrik, Munich, 2011<\/h3>\n<p>&nbsp;<\/p>\n<p style=\"padding-left: 90px;\"><a href=\"http:\/\/www.annewieben.info\/images\/press\/s%FCddeutsche%20zeitung%2027062011.pdf\" target=\"_blank\" rel=\"noopener noreferrer\">S\u00fcddeutsche Zeitung, June 27, 2011<\/a><\/p>\n<blockquote>\n<p>\u2026 This bad boy from Pasing is the hero of a very enjoyable, artistically rich interpretation&#8230; The finale of the first act shows how well the voices fit together: <strong>Anne Wieben<\/strong> as Donna Anna brings a hint of femme fatale with her velvety soprano (almost mezzo-like) voice &#8230;<\/p>\n<\/blockquote>\n<p style=\"padding-left: 90px;\"><a href=\"http:\/\/www.annewieben.info\/images\/press\/m%FCnchner%20merkur%2028062011.pdf\" target=\"_blank\" rel=\"noopener noreferrer\">M\u00fcnchner Merkur \/ TZ, June 28, 2011<\/a><\/p>\n<blockquote>\n<p>&nbsp;&#8230; In her opera directing debut, Julia Dippel and her theatrically enthusiastic singer ensemble present a clever and unhindered comedy with a dark undercurrent&#8230; <strong>Anne Wieben<\/strong> with a secure high register as Donna Anna&#8230; Ample, heartfelt applause.<\/p>\n<\/blockquote>\n<p style=\"padding-left: 90px;\"><a href=\"http:\/\/www.annewieben.info\/images\/press\/m%FCnchner%20merkur%20%96%20w%FCrmtal%2030062011.pdf\" target=\"_blank\" rel=\"noopener noreferrer\">M\u00fcnchner Merkur \u2013 W\u00fcrmtal, June 30,2011<\/a><\/p>\n<blockquote>\n<p>The young singer ensemble loves and hates up-close&#8230; the scorned yet spellbound duo, Donna Elvira and Donna Anna (<strong>Anne Wieben<\/strong>, sensual with bare shoulders, not the standard frigid ditz, loaded with vocal energy), \u2026 command the stage \u2026<\/p>\n<\/blockquote>\n\n\n<p><\/p>\n","protected":false},"excerpt":{"rendered":"<p>Die Cs\u00e1rd\u00e1sf\u00fcrstin with Classionata Solothurn and the Vienna Volksopernorchester Solothurner Zeitung |11.04.2025 |Gundi Klemm Anne Wieben, zuhause auf den B\u00fchnen internationaler Opernh\u00e4user, verstr\u00f6mte als Sylva Varescu ihren strahlend-schillernden Sopran und ein gewisses Sex-Appeal als Cs\u00e1rd\u00e1sf\u00fcrstin. Anne Wieben, at home on the stages of international opera houses, exuded her radiant, dazzling \u2026<\/p>\n<p class=\"continue-reading-button\"> <a class=\"continue-reading-link\" href=\"http:\/\/www.annewieben.com\/?page_id=265\">Read more<i class=\"crycon-right-dir\"><\/i><\/a><\/p>\n","protected":false},"author":1,"featured_media":0,"parent":0,"menu_order":0,"comment_status":"closed","ping_status":"open","template":"templates\/template-onecolumn.php","meta":{"ngg_post_thumbnail":0,"footnotes":""},"_links":{"self":[{"href":"http:\/\/www.annewieben.com\/index.php?rest_route=\/wp\/v2\/pages\/265"}],"collection":[{"href":"http:\/\/www.annewieben.com\/index.php?rest_route=\/wp\/v2\/pages"}],"about":[{"href":"http:\/\/www.annewieben.com\/index.php?rest_route=\/wp\/v2\/types\/page"}],"author":[{"embeddable":true,"href":"http:\/\/www.annewieben.com\/index.php?rest_route=\/wp\/v2\/users\/1"}],"replies":[{"embeddable":true,"href":"http:\/\/www.annewieben.com\/index.php?rest_route=%2Fwp%2Fv2%2Fcomments&post=265"}],"version-history":[{"count":51,"href":"http:\/\/www.annewieben.com\/index.php?rest_route=\/wp\/v2\/pages\/265\/revisions"}],"predecessor-version":[{"id":1604,"href":"http:\/\/www.annewieben.com\/index.php?rest_route=\/wp\/v2\/pages\/265\/revisions\/1604"}],"wp:attachment":[{"href":"http:\/\/www.annewieben.com\/index.php?rest_route=%2Fwp%2Fv2%2Fmedia&parent=265"}],"curies":[{"name":"wp","href":"https:\/\/api.w.org\/{rel}","templated":true}]}}