{"id":1527,"date":"2024-05-26T15:35:10","date_gmt":"2024-05-26T14:35:10","guid":{"rendered":"http:\/\/www.annewieben.com\/?page_id=1527"},"modified":"2026-02-23T13:10:19","modified_gmt":"2026-02-23T12:10:19","slug":"calendar-2","status":"publish","type":"page","link":"http:\/\/www.annewieben.com\/?page_id=1527","title":{"rendered":"Calendar"},"content":{"rendered":"\n<h2 class=\"wp-block-heading\">2025\/2026 Season<br><strong>Upcoming Events:<\/strong><br>La Traviata in Prague, March 3, 2026<\/h2>\n\n\n\n<p>Anne will sing the role of Annina with the newly form Prague Concert Opera on March 3rd, 2026. <br>More information <a href=\"https:\/\/www.facebook.com\/events\/1084929534694474\/?post_id=1086051667915594&amp;view=permalink&amp;notif_id=1770576754672131&amp;notif_t=feedback_reaction_generic&amp;ref=notif\" target=\"_blank\" rel=\"noreferrer noopener\">HERE<\/a><\/p>\n\n\n\n<h2 class=\"wp-block-heading\">Vien.noir&nbsp;Variet\u00e9, March 27, 2026<\/h2>\n\n\n\n<p>Anne as MC and performer<br>27. March 2026 at <a href=\"https:\/\/vindobona.wien\/events\/vien-noir-variete\">Das Vindobona<\/a><br>Tickets on sale now <a href=\"https:\/\/shop.eventjet.at\/de\/dasvindobona\/event\/153a0c2f-727f-47f5-97a4-835cff7cbf53\" data-type=\"link\" data-id=\"https:\/\/shop.eventjet.at\/de\/dasvindobona\/event\/153a0c2f-727f-47f5-97a4-835cff7cbf53\" target=\"_blank\" rel=\"noreferrer noopener\">HERE<\/a><\/p>\n\n\n\n<h2 class=\"wp-block-heading\">&#8220;Wallden&#8221; with the Wiener Festwochen<\/h2>\n\n\n\n<p>A co-production of <a href=\"https:\/\/www.nesterval.at\/\" data-type=\"link\" data-id=\"https:\/\/www.nesterval.at\/\" target=\"_blank\" rel=\"noreferrer noopener\">Nesterval Theater<\/a> and the <a href=\"https:\/\/www.festwochen.at\/home\" data-type=\"link\" data-id=\"https:\/\/www.festwochen.at\/home\" target=\"_blank\" rel=\"noreferrer noopener\">Wiener Festwochen<\/a><br>*May<br>17.,18.,20., 21., 22., 25., 27., 28., 29., 30. 31.<br>*June<br>1.,3.,4.,5., 6.<\/p>\n\n\n\n<h2 class=\"wp-block-heading\">\u201cDie G\u00f6tterd\u00e4mmerung\u201d with Vienna State Opera<\/h2>\n\n\n\n<p>Anne Wieben as \u201cWotan\u201d, a co-production of <a href=\"https:\/\/www.nesterval.at\/\" data-type=\"link\" data-id=\"https:\/\/www.nesterval.at\/\" target=\"_blank\" rel=\"noreferrer noopener\">Nesterval Theater<\/a> and the <a href=\"https:\/\/www.wiener-staatsoper.at\/\" target=\"_blank\" rel=\"noreferrer noopener\">Vienna State Opera<\/a>, at NEST (Neue Staatsoper Wien). <br>September 10, 11, 12, 13, 15, 16, 18, 19, 2025<br>More information <a href=\"https:\/\/www.nest.at\/kalender\/detail\/nestervals-goetterdaemmerung\/\" data-type=\"link\" data-id=\"https:\/\/www.nest.at\/kalender\/detail\/nestervals-goetterdaemmerung\/\" target=\"_blank\" rel=\"noreferrer noopener\">HERE<\/a><\/p>\n\n\n\n<h2 class=\"wp-block-heading\">PAST SEASON HIGHLIGHTS<\/h2>\n\n\n\n<h1 class=\"wp-block-heading\" id=\"eventHeadline\">Die Cs\u00e1rd\u00e1sf\u00fcrstin<\/h1>\n\n\n\n<p>With the Vienna Volksoper Orchestra and the Classionata Festival in Solothurn, Switzerland<br>April 10.,12.,13. 2025<br>Ticket sales start in January 2025. More Information <a href=\"https:\/\/classionata.ch\/classionata-2025-programmuebersich\/\" data-type=\"link\" data-id=\"https:\/\/classionata.ch\/classionata-2025-programmuebersich\/\" target=\"_blank\" rel=\"noreferrer noopener\">HERE<\/a><\/p>\n\n\n\n<h1 class=\"wp-block-heading\" id=\"eventHeadline\">F\u00fcrst*in Ninetta<\/h1>\n\n\n\n<p><br>Anne will play the role of Anastasia Knapp in &#8220;F\u00fcrst*in Ninetta&#8221;, a co-production of <a href=\"https:\/\/www.nesterval.at\/2025-fuerstin-ninetta\/\" data-type=\"link\" data-id=\"https:\/\/www.nesterval.at\/2025-fuerstin-ninetta\/\" target=\"_blank\" rel=\"noreferrer noopener\">Nesterval Theatre<\/a> with the Vienna&#8217;s<a href=\"https:\/\/www.johannstrauss2025.at\/programm\/\" data-type=\"link\" data-id=\"https:\/\/www.johannstrauss2025.at\/programm\/\" target=\"_blank\" rel=\"noreferrer noopener\"> Johann Strauss Year Festival<\/a> <br><strong>PREMIERE<\/strong>&nbsp;15. Februar 2025<br>FURTHER DATES: 16. Februar, \/\/ 19., 21., 22. Februar \/\/ 24., 25. Februar, 1. M\u00e4rz \/\/ 4., 5., 6. M\u00e4rz \/\/ 9., 10., 11., 12. M\u00e4rz<br>More information <a href=\"https:\/\/www.johannstrauss2025.at\/vorschau-2025\/\" data-type=\"link\" data-id=\"https:\/\/www.johannstrauss2025.at\/vorschau-2025\/\" target=\"_blank\" rel=\"noreferrer noopener\">HERE<\/a><\/p>\n\n\n\n<h1 class=\"wp-block-heading\" id=\"eventHeadline\">Die G\u00f6tter\u00add\u00e4mmerung<\/h1>\n\n\n\n<p>A co-production with the Vienna State Opera and Nesterval Theater<br>December 13.,14.,16.,17.,19.<br>Information and Tickets <a href=\"https:\/\/www.nest.at\/kalender\/detail\/nestervals-goetterdaemmerung\/#:~:text=Das%20Wiener%20Theaterkollektiv%20Nestervals%20f%C3%BChrt,die%20G%C3%B6tterd%C3%A4mmerungswelt%20wie%20nie%20zuvor.\" target=\"_blank\" rel=\"noreferrer noopener\">HERE<\/a><\/p>\n\n\n<div class=\"wp-block-image\">\n<figure class=\"aligncenter size-large is-resized\"><a href=\"http:\/\/www.annewieben.com\/wordpress\/wp-content\/uploads\/2024\/05\/image_6487327-3.jpg\"><img loading=\"lazy\" decoding=\"async\" width=\"1024\" height=\"681\" src=\"http:\/\/www.annewieben.com\/wordpress\/wp-content\/uploads\/2024\/05\/image_6487327-3-1024x681.jpg\" alt=\"\" class=\"wp-image-1528\" style=\"width:543px;height:auto\" srcset=\"http:\/\/www.annewieben.com\/wordpress\/wp-content\/uploads\/2024\/05\/image_6487327-3-1024x681.jpg 1024w, http:\/\/www.annewieben.com\/wordpress\/wp-content\/uploads\/2024\/05\/image_6487327-3-300x200.jpg 300w, http:\/\/www.annewieben.com\/wordpress\/wp-content\/uploads\/2024\/05\/image_6487327-3-768x511.jpg 768w, http:\/\/www.annewieben.com\/wordpress\/wp-content\/uploads\/2024\/05\/image_6487327-3-150x100.jpg 150w, http:\/\/www.annewieben.com\/wordpress\/wp-content\/uploads\/2024\/05\/image_6487327-3.jpg 1440w\" sizes=\"(max-width: 1024px) 100vw, 1024px\" \/><\/a><\/figure><\/div>","protected":false},"excerpt":{"rendered":"<p>2025\/2026 SeasonUpcoming Events:La Traviata in Prague, March 3, 2026 Anne will sing the role of Annina with the newly form Prague Concert Opera on March 3rd, 2026. More information HERE Vien.noir&nbsp;Variet\u00e9, March 27, 2026 Anne as MC and performer27. March 2026 at Das VindobonaTickets on sale now HERE &#8220;Wallden&#8221; with \u2026<\/p>\n<p class=\"continue-reading-button\"> <a class=\"continue-reading-link\" href=\"http:\/\/www.annewieben.com\/?page_id=1527\">Read more<i class=\"crycon-right-dir\"><\/i><\/a><\/p>\n","protected":false},"author":1,"featured_media":0,"parent":0,"menu_order":0,"comment_status":"closed","ping_status":"closed","template":"","meta":{"ngg_post_thumbnail":0,"footnotes":""},"_links":{"self":[{"href":"http:\/\/www.annewieben.com\/index.php?rest_route=\/wp\/v2\/pages\/1527"}],"collection":[{"href":"http:\/\/www.annewieben.com\/index.php?rest_route=\/wp\/v2\/pages"}],"about":[{"href":"http:\/\/www.annewieben.com\/index.php?rest_route=\/wp\/v2\/types\/page"}],"author":[{"embeddable":true,"href":"http:\/\/www.annewieben.com\/index.php?rest_route=\/wp\/v2\/users\/1"}],"replies":[{"embeddable":true,"href":"http:\/\/www.annewieben.com\/index.php?rest_route=%2Fwp%2Fv2%2Fcomments&post=1527"}],"version-history":[{"count":13,"href":"http:\/\/www.annewieben.com\/index.php?rest_route=\/wp\/v2\/pages\/1527\/revisions"}],"predecessor-version":[{"id":1680,"href":"http:\/\/www.annewieben.com\/index.php?rest_route=\/wp\/v2\/pages\/1527\/revisions\/1680"}],"wp:attachment":[{"href":"http:\/\/www.annewieben.com\/index.php?rest_route=%2Fwp%2Fv2%2Fmedia&parent=1527"}],"curies":[{"name":"wp","href":"https:\/\/api.w.org\/{rel}","templated":true}]}}